{"id":729,"date":"2021-11-25T20:34:35","date_gmt":"2021-11-25T20:34:35","guid":{"rendered":"https:\/\/bluforeshr.com\/ilkin-celikli\/"},"modified":"2025-02-04T13:59:12","modified_gmt":"2025-02-04T13:59:12","slug":"ilkin-celikli","status":"publish","type":"page","link":"https:\/\/bluforeshr.com\/en\/about-us\/ilkin-celikli\/","title":{"rendered":"\u0130lkin \u00c7elikli"},"content":{"rendered":"<p>[et_pb_section fb_built=&#8221;1&#8243; fullwidth=&#8221;on&#8221; admin_label=&#8221;Hero Section&#8221; _builder_version=&#8221;4.16&#8243; global_colors_info=&#8221;{}&#8221;][et_pb_fullwidth_header title=&#8221;BIOGRAPHY&#8221; subhead=&#8221;\u0130LK\u0130N \u00c7EL\u0130KL\u0130&#8221; background_overlay_color=&#8221;rgba(0,0,0,0.8)&#8221; content_max_width=&#8221;550px&#8221; _builder_version=&#8221;4.16&#8243; title_font=&#8221;Poppins|700||on|||||&#8221; title_text_color=&#8221;#edbb5f&#8221; title_font_size=&#8221;14px&#8221; title_letter_spacing=&#8221;2px&#8221; title_line_height=&#8221;1.4em&#8221; content_font=&#8221;Poppins||||||||&#8221; content_font_size=&#8221;16px&#8221; content_letter_spacing=&#8221;1px&#8221; content_line_height=&#8221;2em&#8221; subhead_font=&#8221;Playfair Display|700||on|||||&#8221; subhead_font_size=&#8221;48px&#8221; subhead_letter_spacing=&#8221;3px&#8221; subhead_line_height=&#8221;1.4em&#8221; background_color=&#8221;rgba(255, 255, 255, 0)&#8221; background_image=&#8221;https:\/\/bluforeshr.com\/wp-content\/uploads\/2021\/10\/man-touching-arrow-talent-development-scaled.jpg&#8221; parallax=&#8221;on&#8221; parallax_method=&#8221;on&#8221; custom_button_one=&#8221;on&#8221; button_one_border_width=&#8221;1px&#8221; button_one_border_color=&#8221;rgba(255,255,255,0.3)&#8221; button_one_border_radius=&#8221;0px&#8221; button_one_letter_spacing=&#8221;1px&#8221; button_one_font=&#8221;Saira Extra Condensed|600||on|||||&#8221; button_one_icon=&#8221;&#x24;||divi||400&#8243; button_one_icon_color=&#8221;#edbb5f&#8221; custom_button_two=&#8221;on&#8221; button_two_border_width=&#8221;1px&#8221; button_two_border_color=&#8221;rgba(255,255,255,0.3)&#8221; button_two_border_radius=&#8221;0px&#8221; button_two_letter_spacing=&#8221;1px&#8221; button_two_font=&#8221;Saira Extra Condensed|600||on|||||&#8221; button_two_icon=&#8221;&#x24;||divi||400&#8243; button_two_icon_color=&#8221;#edbb5f&#8221; module_alignment=&#8221;right&#8221; custom_margin=&#8221;|||&#8221; custom_padding=&#8221;8%||8%|&#8221; button_one_text_color_hover=&#8221;#edbb5f&#8221; button_two_text_color_hover=&#8221;#edbb5f&#8221; button_one_bg_color_hover=&#8221;rgba(0,0,0,0)&#8221; button_two_bg_color_hover=&#8221;rgba(0,0,0,0)&#8221; global_colors_info=&#8221;{}&#8221; button_one_text_size__hover_enabled=&#8221;off&#8221; button_two_text_size__hover_enabled=&#8221;off&#8221; button_one_text_color__hover_enabled=&#8221;on&#8221; button_one_text_color__hover=&#8221;#edbb5f&#8221; button_two_text_color__hover_enabled=&#8221;on&#8221; button_two_text_color__hover=&#8221;#edbb5f&#8221; button_one_border_width__hover_enabled=&#8221;off&#8221; button_two_border_width__hover_enabled=&#8221;off&#8221; button_one_border_color__hover_enabled=&#8221;off&#8221; button_two_border_color__hover_enabled=&#8221;off&#8221; button_one_border_radius__hover_enabled=&#8221;off&#8221; button_two_border_radius__hover_enabled=&#8221;off&#8221; button_one_letter_spacing__hover_enabled=&#8221;off&#8221; button_two_letter_spacing__hover_enabled=&#8221;off&#8221; button_one_bg_color__hover_enabled=&#8221;on&#8221; button_one_bg_color__hover=&#8221;rgba(0,0,0,0)&#8221; button_two_bg_color__hover_enabled=&#8221;on&#8221; button_two_bg_color__hover=&#8221;rgba(0,0,0,0)&#8221;]<\/p>\n<p>OVER 20 YEARS OF PROFESSIONAL AND INTERNATIONAL EXPERIENCE IN HUMAN RESOURCES.<\/p>\n<p>[\/et_pb_fullwidth_header][\/et_pb_section][et_pb_section fb_built=&#8221;1&#8243; admin_label=&#8221;Introduction&#8221; _builder_version=&#8221;4.16&#8243; custom_margin=&#8221;|||&#8221; custom_padding=&#8221;65px|0px|75px|0px||&#8221; global_colors_info=&#8221;{}&#8221;][et_pb_row column_structure=&#8221;1_2,1_2&#8243; use_custom_gutter=&#8221;on&#8221; gutter_width=&#8221;4&#8243; _builder_version=&#8221;4.16&#8243; animation_style=&#8221;fade&#8221; global_colors_info=&#8221;{}&#8221;][et_pb_column type=&#8221;1_2&#8243; _builder_version=&#8221;4.16&#8243; custom_padding=&#8221;|||&#8221; global_colors_info=&#8221;{}&#8221; custom_padding__hover=&#8221;|||&#8221;][et_pb_text _builder_version=&#8221;4.16&#8243; text_font=&#8221;||||||||&#8221; header_font=&#8221;||||||||&#8221; header_2_font=&#8221;Playfair Display|700|||||||&#8221; header_2_font_size=&#8221;38px&#8221; header_2_letter_spacing=&#8221;1px&#8221; header_2_line_height=&#8221;1.4em&#8221; header_3_font=&#8221;Poppins|700||on|||||&#8221; header_3_text_color=&#8221;#edbb5f&#8221; header_3_font_size=&#8221;14px&#8221; header_3_letter_spacing=&#8221;1px&#8221; header_3_line_height=&#8221;2em&#8221; global_colors_info=&#8221;{}&#8221;]<\/p>\n<h3>Intro<\/h3>\n<h2>WHO IS \u0130LK\u0130N?<\/h2>\n<p>[\/et_pb_text][et_pb_divider color=&#8221;#edbb5f&#8221; divider_weight=&#8221;2px&#8221; _builder_version=&#8221;4.16&#8243; max_width=&#8221;60px&#8221; module_alignment=&#8221;left&#8221; height=&#8221;2px&#8221; global_colors_info=&#8221;{}&#8221;][\/et_pb_divider][et_pb_text _builder_version=&#8221;4.16&#8243; text_font=&#8221;Poppins||||||||&#8221; text_font_size=&#8221;16px&#8221; text_letter_spacing=&#8221;1px&#8221; text_line_height=&#8221;2em&#8221; max_width=&#8221;550px&#8221; global_colors_info=&#8221;{}&#8221;]<\/p>\n<p>\u0130lkin is the co-founder of BLU FORES HR and the Head of Audit of the <span>\u201c<\/span>Human Resources Management Association<span>\u201d<\/span>. He is happily married, with three children.<\/p>\n<p>[\/et_pb_text][\/et_pb_column][et_pb_column type=&#8221;1_2&#8243; _builder_version=&#8221;4.16&#8243; custom_padding=&#8221;|||&#8221; global_colors_info=&#8221;{}&#8221; custom_padding__hover=&#8221;|||&#8221;][et_pb_image src=&#8221;https:\/\/bluforeshr.com\/wp-content\/uploads\/2022\/01\/I\u0307lkin-C\u0327elikli2.jpg&#8221; alt=&#8221;I\u0307lkin C\u0327elikli&#8221; title_text=&#8221;I\u0307lkin C\u0327elikli&#8221; align_tablet=&#8221;center&#8221; align_phone=&#8221;center&#8221; align_last_edited=&#8221;on|desktop&#8221; _builder_version=&#8221;4.20.2&#8243; animation_style=&#8221;fade&#8221; global_colors_info=&#8221;{}&#8221;][\/et_pb_image][\/et_pb_column][\/et_pb_row][\/et_pb_section][et_pb_section fb_built=&#8221;1&#8243; admin_label=&#8221;Problem and Solution&#8221; _builder_version=&#8221;4.16&#8243; background_color=&#8221;#282828&#8243; custom_padding=&#8221;65px|0px|51px|0px||&#8221; global_colors_info=&#8221;{}&#8221;][et_pb_row use_custom_gutter=&#8221;on&#8221; gutter_width=&#8221;4&#8243; _builder_version=&#8221;4.16&#8243; animation_style=&#8221;fade&#8221; locked=&#8221;off&#8221; global_colors_info=&#8221;{}&#8221;][et_pb_column type=&#8221;4_4&#8243; _builder_version=&#8221;4.16&#8243; custom_padding=&#8221;|||&#8221; global_colors_info=&#8221;{}&#8221; custom_padding__hover=&#8221;|||&#8221;][et_pb_text _builder_version=&#8221;4.16&#8243; text_font=&#8221;||||||||&#8221; header_font=&#8221;||||||||&#8221; header_2_font=&#8221;Playfair Display|700|||||||&#8221; header_2_font_size=&#8221;38px&#8221; header_2_letter_spacing=&#8221;1px&#8221; header_2_line_height=&#8221;1.4em&#8221; header_3_font=&#8221;Poppins|700||on|||||&#8221; header_3_text_color=&#8221;#edbb5f&#8221; header_3_font_size=&#8221;14px&#8221; header_3_letter_spacing=&#8221;1px&#8221; header_3_line_height=&#8221;2em&#8221; text_orientation=&#8221;center&#8221; background_layout=&#8221;dark&#8221; max_width=&#8221;700px&#8221; module_alignment=&#8221;center&#8221; global_colors_info=&#8221;{}&#8221;]<\/p>\n<h3>biography<\/h3>\n<h2>\u0130LK\u0130N \u00c7EL\u0130KL\u0130<\/h2>\n<p>[\/et_pb_text][et_pb_divider color=&#8221;#edbb5f&#8221; divider_weight=&#8221;2px&#8221; _builder_version=&#8221;4.16&#8243; max_width=&#8221;60px&#8221; module_alignment=&#8221;center&#8221; height=&#8221;2px&#8221; global_colors_info=&#8221;{}&#8221;][\/et_pb_divider][\/et_pb_column][\/et_pb_row][et_pb_row column_structure=&#8221;1_2,1_2&#8243; _builder_version=&#8221;4.16&#8243; custom_margin=&#8221;2%|||&#8221; custom_padding=&#8221;|||&#8221; global_colors_info=&#8221;{}&#8221;][et_pb_column type=&#8221;1_2&#8243; _builder_version=&#8221;4.16&#8243; custom_padding=&#8221;|||&#8221; global_colors_info=&#8221;{}&#8221; custom_padding__hover=&#8221;|||&#8221;][et_pb_text _builder_version=&#8221;4.16&#8243; text_font=&#8221;Poppins||||||||&#8221; text_font_size=&#8221;16px&#8221; text_letter_spacing=&#8221;1px&#8221; text_line_height=&#8221;2em&#8221; header_font=&#8221;||||||||&#8221; header_2_font=&#8221;||||||||&#8221; header_3_font=&#8221;|700||on|||||&#8221; header_3_text_color=&#8221;#edbb5f&#8221; header_3_font_size=&#8221;28px&#8221; header_3_letter_spacing=&#8221;1px&#8221; header_3_line_height=&#8221;1.4em&#8221; background_layout=&#8221;dark&#8221; max_width=&#8221;550px&#8221; global_colors_info=&#8221;{}&#8221;]<\/p>\n<p>\u0130lkin was born and raised in the United Kingdom until he later moved to Cyprus at a young age. At university, he studied and earned his degree from the Faculty of Education. Following his bachelor at the Eastern Mediterranean University, he moved to Ohio, United States of America and earned his Master\u2019s Degree in Human Resources Development at the University of Findlay. After completing his education and internship in the United States, in 2005 \u0130lkin returned back to Cyprus and started working at Eastern Mediterranean University at the Educational Sciences Department, further building his experience and career before moving to Girne American University as the Director of Human Resources. While he led and redeveloped the HR Department from scratch, he also lectured university students in Human Resources Management as an academician. This experience gave \u0130lkin a unique opportunity by moving to Heidelberg, Germany with his young family in 2010 to work for one of Europe\u2019s leading scientific organisations, the European Molecular Biology Laboratory.<\/p>\n<p>[\/et_pb_text][\/et_pb_column][et_pb_column type=&#8221;1_2&#8243; _builder_version=&#8221;4.16&#8243; custom_padding=&#8221;|||&#8221; global_colors_info=&#8221;{}&#8221; custom_padding__hover=&#8221;|||&#8221;][et_pb_text _builder_version=&#8221;4.16&#8243; text_font=&#8221;Poppins||||||||&#8221; text_font_size=&#8221;16px&#8221; text_letter_spacing=&#8221;1px&#8221; text_line_height=&#8221;2em&#8221; header_font=&#8221;||||||||&#8221; header_2_font=&#8221;||||||||&#8221; header_3_font=&#8221;|700||on|||||&#8221; header_3_text_color=&#8221;#edbb5f&#8221; header_3_font_size=&#8221;28px&#8221; header_3_letter_spacing=&#8221;1px&#8221; header_3_line_height=&#8221;1.4em&#8221; background_layout=&#8221;dark&#8221; max_width=&#8221;550px&#8221; custom_margin=&#8221;||22px|||&#8221; global_colors_info=&#8221;{}&#8221;]<\/p>\n<p><span style=\"font-size: 16px;\">As an HR and Talent Acquisition Manager, \u0130lkin led the Recruitment Team while onboarding some of the most talented scientists from all over the world. He fulfilled this duty for 9+ years at top-level, working closely together with some of the most highly ranked and recognised senior scientists in the world while travelling Europe and participating in various career fairs, workshops, trainings and world-class HR gatherings and events. Following this incredible life experience working for such a world-famous NGO and inter-governmental scientific organisation, \u0130lkin moved back to his beautiful home country, Cyprus, together with his wife and three children. Here, he reunited with his long-standing friend and colleague Ahmet T\u00fcrkdo\u011fan, where they had started this HR journey together. \u0130lkin and Ahmet finally found the right opportunity to initiate their long-term plan and strengthen their expertise with a remarkable partnership, founding the <strong>BLU FORES HR Outsourcing &amp; Consulting<\/strong> company in North Cyprus.<\/span><\/p>\n<p>[\/et_pb_text][\/et_pb_column][\/et_pb_row][et_pb_row column_structure=&#8221;1_4,1_4,1_4,1_4&#8243; admin_label=&#8221;Stats&#8221; _builder_version=&#8221;4.16&#8243; custom_margin=&#8221;4%|||&#8221; custom_padding=&#8221;|||&#8221; global_colors_info=&#8221;{}&#8221;][et_pb_column type=&#8221;1_4&#8243; _builder_version=&#8221;4.16&#8243; custom_padding=&#8221;|||&#8221; global_colors_info=&#8221;{}&#8221; custom_padding__hover=&#8221;|||&#8221;][et_pb_text _builder_version=&#8221;4.16&#8243; text_font=&#8221;||||||||&#8221; header_font=&#8221;||||||||&#8221; header_2_font=&#8221;||||||||&#8221; header_3_font=&#8221;||||||||&#8221; header_4_font=&#8221;Poppins|600||on|||||&#8221; header_4_font_size=&#8221;14px&#8221; header_4_letter_spacing=&#8221;1px&#8221; header_4_line_height=&#8221;1.8em&#8221; background_layout=&#8221;dark&#8221; animation_style=&#8221;slide&#8221; animation_direction=&#8221;bottom&#8221; global_colors_info=&#8221;{}&#8221;]<\/p>\n<h4>CANDIDATES HE INTERVIEWED<\/h4>\n<p>[\/et_pb_text][et_pb_divider color=&#8221;#edbb5f&#8221; divider_weight=&#8221;2px&#8221; _builder_version=&#8221;4.16&#8243; max_width=&#8221;40px&#8221; max_width_tablet=&#8221;8%&#8221; max_width_phone=&#8221;&#8221; max_width_last_edited=&#8221;on|desktop&#8221; height=&#8221;2px&#8221; custom_margin=&#8221;||0px|&#8221; animation_style=&#8221;slide&#8221; animation_direction=&#8221;right&#8221; animation_intensity_slide=&#8221;100%&#8221; global_colors_info=&#8221;{}&#8221;][\/et_pb_divider][et_pb_text _builder_version=&#8221;4.16&#8243; text_font=&#8221;Playfair Display|700|||||||&#8221; text_text_color=&#8221;#f3cd7e&#8221; text_font_size=&#8221;56px&#8221; text_line_height=&#8221;1.8em&#8221; animation_style=&#8221;slide&#8221; animation_direction=&#8221;top&#8221; animation_intensity_slide=&#8221;16%&#8221; global_colors_info=&#8221;{}&#8221;]<\/p>\n<p>9,000+<\/p>\n<p>[\/et_pb_text][\/et_pb_column][et_pb_column type=&#8221;1_4&#8243; _builder_version=&#8221;4.16&#8243; custom_padding=&#8221;|||&#8221; global_colors_info=&#8221;{}&#8221; custom_padding__hover=&#8221;|||&#8221;][et_pb_text _builder_version=&#8221;4.16&#8243; text_font=&#8221;||||||||&#8221; header_font=&#8221;||||||||&#8221; header_2_font=&#8221;||||||||&#8221; header_3_font=&#8221;||||||||&#8221; header_4_font=&#8221;Poppins|600||on|||||&#8221; header_4_font_size=&#8221;14px&#8221; header_4_letter_spacing=&#8221;1px&#8221; header_4_line_height=&#8221;1.8em&#8221; background_layout=&#8221;dark&#8221; animation_style=&#8221;slide&#8221; animation_direction=&#8221;bottom&#8221; animation_delay=&#8221;200ms&#8221; global_colors_info=&#8221;{}&#8221;]<\/p>\n<h4>NUMBER OF RECRUITMENTS<\/h4>\n<p>[\/et_pb_text][et_pb_divider color=&#8221;#edbb5f&#8221; divider_weight=&#8221;2px&#8221; _builder_version=&#8221;4.16&#8243; max_width=&#8221;40px&#8221; max_width_tablet=&#8221;8%&#8221; max_width_phone=&#8221;&#8221; max_width_last_edited=&#8221;on|desktop&#8221; height=&#8221;2px&#8221; custom_margin=&#8221;||0px|&#8221; animation_style=&#8221;slide&#8221; animation_direction=&#8221;right&#8221; animation_delay=&#8221;200ms&#8221; animation_intensity_slide=&#8221;100%&#8221; global_colors_info=&#8221;{}&#8221;][\/et_pb_divider][et_pb_text _builder_version=&#8221;4.16&#8243; text_font=&#8221;Playfair Display|700|||||||&#8221; text_text_color=&#8221;#f3cd7e&#8221; text_font_size=&#8221;56px&#8221; text_line_height=&#8221;1.8em&#8221; animation_style=&#8221;slide&#8221; animation_direction=&#8221;top&#8221; animation_delay=&#8221;200ms&#8221; animation_intensity_slide=&#8221;16%&#8221; global_colors_info=&#8221;{}&#8221;]<\/p>\n<p>1,800+<\/p>\n<p>[\/et_pb_text][\/et_pb_column][et_pb_column type=&#8221;1_4&#8243; _builder_version=&#8221;4.16&#8243; custom_padding=&#8221;|||&#8221; global_colors_info=&#8221;{}&#8221; custom_padding__hover=&#8221;|||&#8221;][et_pb_text _builder_version=&#8221;4.16&#8243; text_font=&#8221;||||||||&#8221; header_font=&#8221;||||||||&#8221; header_2_font=&#8221;||||||||&#8221; header_3_font=&#8221;||||||||&#8221; header_4_font=&#8221;Poppins|600||on|||||&#8221; header_4_font_size=&#8221;14px&#8221; header_4_letter_spacing=&#8221;1px&#8221; header_4_line_height=&#8221;1.8em&#8221; background_layout=&#8221;dark&#8221; animation_style=&#8221;slide&#8221; animation_direction=&#8221;bottom&#8221; animation_delay=&#8221;400ms&#8221; global_colors_info=&#8221;{}&#8221;]<\/p>\n<h4>CAREER FAIRS ATTENDED TO<\/h4>\n<p>[\/et_pb_text][et_pb_divider color=&#8221;#edbb5f&#8221; divider_weight=&#8221;2px&#8221; _builder_version=&#8221;4.16&#8243; max_width=&#8221;40px&#8221; max_width_tablet=&#8221;8%&#8221; max_width_phone=&#8221;&#8221; max_width_last_edited=&#8221;on|desktop&#8221; height=&#8221;2px&#8221; custom_margin=&#8221;||0px|&#8221; animation_style=&#8221;slide&#8221; animation_direction=&#8221;right&#8221; animation_delay=&#8221;400ms&#8221; animation_intensity_slide=&#8221;100%&#8221; global_colors_info=&#8221;{}&#8221;][\/et_pb_divider][et_pb_text _builder_version=&#8221;4.16&#8243; text_font=&#8221;Playfair Display|700|||||||&#8221; text_text_color=&#8221;#f3cd7e&#8221; text_font_size=&#8221;56px&#8221; text_line_height=&#8221;1.8em&#8221; animation_style=&#8221;slide&#8221; animation_direction=&#8221;top&#8221; animation_delay=&#8221;400ms&#8221; animation_intensity_slide=&#8221;16%&#8221; global_colors_info=&#8221;{}&#8221;]<\/p>\n<p>27+<\/p>\n<p>[\/et_pb_text][\/et_pb_column][et_pb_column type=&#8221;1_4&#8243; _builder_version=&#8221;4.16&#8243; custom_padding=&#8221;|||&#8221; global_colors_info=&#8221;{}&#8221; custom_padding__hover=&#8221;|||&#8221;][et_pb_text _builder_version=&#8221;4.16&#8243; text_font=&#8221;||||||||&#8221; header_font=&#8221;||||||||&#8221; header_2_font=&#8221;||||||||&#8221; header_3_font=&#8221;||||||||&#8221; header_4_font=&#8221;Poppins|600||on|||||&#8221; header_4_font_size=&#8221;14px&#8221; header_4_letter_spacing=&#8221;1px&#8221; header_4_line_height=&#8221;1.8em&#8221; background_layout=&#8221;dark&#8221; animation_style=&#8221;slide&#8221; animation_direction=&#8221;bottom&#8221; animation_delay=&#8221;400ms&#8221; locked=&#8221;off&#8221; global_colors_info=&#8221;{}&#8221;]<\/p>\n<h4>COMPLETED HR PROJECTS<\/h4>\n<p>[\/et_pb_text][et_pb_divider color=&#8221;#edbb5f&#8221; divider_weight=&#8221;2px&#8221; _builder_version=&#8221;4.16&#8243; max_width=&#8221;40px&#8221; max_width_tablet=&#8221;8%&#8221; max_width_phone=&#8221;&#8221; max_width_last_edited=&#8221;on|desktop&#8221; height=&#8221;2px&#8221; custom_margin=&#8221;||0px|&#8221; animation_style=&#8221;slide&#8221; animation_direction=&#8221;right&#8221; animation_delay=&#8221;600ms&#8221; animation_intensity_slide=&#8221;100%&#8221; locked=&#8221;off&#8221; global_colors_info=&#8221;{}&#8221;][\/et_pb_divider][et_pb_text _builder_version=&#8221;4.16&#8243; text_font=&#8221;Playfair Display|700|||||||&#8221; text_text_color=&#8221;#f3cd7e&#8221; text_font_size=&#8221;56px&#8221; text_line_height=&#8221;1.8em&#8221; animation_style=&#8221;slide&#8221; animation_direction=&#8221;top&#8221; animation_delay=&#8221;600ms&#8221; animation_intensity_slide=&#8221;16%&#8221; locked=&#8221;off&#8221; global_colors_info=&#8221;{}&#8221;]<\/p>\n<p>48+<\/p>\n<p>[\/et_pb_text][\/et_pb_column][\/et_pb_row][\/et_pb_section][et_pb_section fb_built=&#8221;1&#8243; admin_label=&#8221;Contact&#8221; _builder_version=&#8221;4.16&#8243; background_image=&#8221;https:\/\/bluforeshr.com\/wp-content\/uploads\/2021\/10\/consutant-03.jpg&#8221; custom_margin=&#8221;|||&#8221; custom_padding=&#8221;0px|0px|0px|0px&#8221; box_shadow_style=&#8221;preset7&#8243; box_shadow_horizontal=&#8221;0px&#8221; box_shadow_vertical=&#8221;80px&#8221; box_shadow_color=&#8221;#ffffff&#8221; global_colors_info=&#8221;{}&#8221;][et_pb_row column_structure=&#8221;1_2,1_2&#8243; custom_padding_last_edited=&#8221;on|phone&#8221; _builder_version=&#8221;4.16&#8243; background_color=&#8221;#ffffff&#8221; custom_margin=&#8221;|||&#8221; custom_padding=&#8221;56px|60px|60px|60px||&#8221; custom_padding_tablet=&#8221;&#8221; custom_padding_phone=&#8221;|40px||40px&#8221; animation_style=&#8221;slide&#8221; animation_direction=&#8221;bottom&#8221; animation_duration=&#8221;1500ms&#8221; animation_delay=&#8221;200ms&#8221; animation_intensity_slide=&#8221;10%&#8221; animation_starting_opacity=&#8221;100%&#8221; box_shadow_style=&#8221;preset3&#8243; box_shadow_vertical=&#8221;15px&#8221; box_shadow_blur=&#8221;80px&#8221; box_shadow_color=&#8221;rgba(0,0,0,0.2)&#8221; global_colors_info=&#8221;{}&#8221;][et_pb_column type=&#8221;1_2&#8243; _builder_version=&#8221;4.16&#8243; custom_padding=&#8221;|||&#8221; global_colors_info=&#8221;{}&#8221; custom_padding__hover=&#8221;|||&#8221;][et_pb_text _builder_version=&#8221;4.16&#8243; text_font=&#8221;|||on|||||&#8221; header_font=&#8221;||||||||&#8221; header_2_font=&#8221;Playfair Display|700|||||||&#8221; header_2_font_size=&#8221;38px&#8221; header_2_letter_spacing=&#8221;1px&#8221; header_2_line_height=&#8221;1.4em&#8221; header_3_font=&#8221;Poppins|700||on|||||&#8221; header_3_text_color=&#8221;#edbb5f&#8221; header_3_font_size=&#8221;14px&#8221; header_3_letter_spacing=&#8221;1px&#8221; header_3_line_height=&#8221;2em&#8221; text_orientation=&#8221;center&#8221; max_width=&#8221;550px&#8221; module_alignment=&#8221;center&#8221; custom_margin=&#8221;44px|||||&#8221; locked=&#8221;off&#8221; global_colors_info=&#8221;{}&#8221;]<\/p>\n<h2>GET IN TOUCH WITH \u0130LK\u0130N<\/h2>\n<p>[\/et_pb_text][\/et_pb_column][et_pb_column type=&#8221;1_2&#8243; _builder_version=&#8221;4.16&#8243; custom_padding=&#8221;140px|||&#8221; global_colors_info=&#8221;{}&#8221; custom_padding__hover=&#8221;|||&#8221;][et_pb_text _builder_version=&#8221;4.16&#8243; text_font=&#8221;Poppins|600||on|||||&#8221; text_font_size=&#8221;16px&#8221; text_letter_spacing=&#8221;2px&#8221; text_line_height=&#8221;2em&#8221; ul_font=&#8221;||||||||&#8221; background_color=&#8221;#3d3d3d&#8221; text_orientation=&#8221;center&#8221; background_layout=&#8221;dark&#8221; custom_margin=&#8221;-121px|||||&#8221; custom_padding=&#8221;60px|40px|60px|40px&#8221; custom_padding_last_edited=&#8221;off|desktop&#8221; animation_style=&#8221;flip&#8221; animation_delay=&#8221;200ms&#8221; border_width_top=&#8221;8px&#8221; border_color_top=&#8221;#edbb5f&#8221; locked=&#8221;off&#8221; global_colors_info=&#8221;{}&#8221;]<\/p>\n<p>NICOSIA &#8211; KYRENIA &#8211; FAMAGUSTA<\/p>\n<p>+90 533 875 51 46<br \/><a href=\"mailto:ilkin.celikli@bluforeshr.com\">ilkin.celikli@bluforeshr.com<\/a><\/p>\n<p>[\/et_pb_text][et_pb_social_media_follow disabled_on=&#8221;off|off|off&#8221; _builder_version=&#8221;4.26.0&#8243; text_orientation=&#8221;center&#8221; custom_padding=&#8221;0px||7px|||&#8221; global_module=&#8221;572&#8243; locked=&#8221;off&#8221; global_colors_info=&#8221;{}&#8221;][et_pb_social_media_follow_network social_network=&#8221;facebook&#8221; url=&#8221;https:\/\/www.facebook.com\/bluforeshr&#8221; _builder_version=&#8221;4.16&#8243; background_color=&#8221;#2f2f2f&#8221; custom_margin=&#8221;|||&#8221; custom_padding=&#8221;8px|8px|8px|8px&#8221; border_radii=&#8221;on||||&#8221; global_colors_info=&#8221;{}&#8221; follow_button=&#8221;off&#8221; url_new_window=&#8221;on&#8221;]facebook[\/et_pb_social_media_follow_network][et_pb_social_media_follow_network social_network=&#8221;instagram&#8221; url=&#8221;https:\/\/www.instagram.com\/bluforeshr&#8221; _builder_version=&#8221;4.16&#8243; background_color=&#8221;#2f2f2f&#8221; background_enable_color=&#8221;on&#8221; custom_margin=&#8221;|||&#8221; custom_padding=&#8221;8px|8px|8px|8px&#8221; border_radii=&#8221;on||||&#8221; global_colors_info=&#8221;{}&#8221; follow_button=&#8221;off&#8221; url_new_window=&#8221;on&#8221;]instagram[\/et_pb_social_media_follow_network][et_pb_social_media_follow_network social_network=&#8221;linkedin&#8221; url=&#8221;https:\/\/www.linkedin.com\/company\/bluforeshr&#8221; _builder_version=&#8221;4.25.2&#8243; background_color=&#8221;#2f2f2f&#8221; custom_margin=&#8221;|||&#8221; custom_padding=&#8221;8px|8px|8px|8px&#8221; border_radii=&#8221;on||||&#8221; global_colors_info=&#8221;{}&#8221; follow_button=&#8221;off&#8221; url_new_window=&#8221;on&#8221;]linkedin[\/et_pb_social_media_follow_network][et_pb_social_media_follow_network social_network=&#8221;twitter&#8221; url=&#8221;https:\/\/twitter.com\/bluforeshr&#8221; _builder_version=&#8221;4.26.0&#8243; background_color=&#8221;#000000&#8243; custom_margin=&#8221;|||&#8221; custom_padding=&#8221;8px|8px|8px|8px&#8221; border_radii=&#8221;on||||&#8221; global_colors_info=&#8221;{}&#8221; follow_button=&#8221;off&#8221; url_new_window=&#8221;on&#8221;]twitter[\/et_pb_social_media_follow_network][\/et_pb_social_media_follow][\/et_pb_column][\/et_pb_row][\/et_pb_section]<\/p>\n","protected":false},"excerpt":{"rendered":"<p>OVER 20 YEARS OF PROFESSIONAL AND INTERNATIONAL EXPERIENCE IN HUMAN RESOURCES.Intro WHO IS \u0130LK\u0130N?\u0130lkin is the co-founder of BLU FORES HR and the Head of Audit of the \u201cHuman Resources Management Association\u201d. He is happily married, with three children.biography \u0130LK\u0130N \u00c7EL\u0130KL\u0130\u0130lkin was born and raised in the United Kingdom until he later moved to Cyprus [&hellip;]<\/p>\n","protected":false},"author":1,"featured_media":0,"parent":714,"menu_order":0,"comment_status":"closed","ping_status":"closed","template":"","meta":{"_seopress_robots_primary_cat":"","_seopress_titles_title":"","_seopress_titles_desc":"","_seopress_robots_index":"","_et_pb_use_builder":"on","_et_pb_old_content":"","_et_gb_content_width":"","footnotes":""},"class_list":["post-729","page","type-page","status-publish","hentry"],"_links":{"self":[{"href":"https:\/\/bluforeshr.com\/en\/wp-json\/wp\/v2\/pages\/729","targetHints":{"allow":["GET"]}}],"collection":[{"href":"https:\/\/bluforeshr.com\/en\/wp-json\/wp\/v2\/pages"}],"about":[{"href":"https:\/\/bluforeshr.com\/en\/wp-json\/wp\/v2\/types\/page"}],"author":[{"embeddable":true,"href":"https:\/\/bluforeshr.com\/en\/wp-json\/wp\/v2\/users\/1"}],"replies":[{"embeddable":true,"href":"https:\/\/bluforeshr.com\/en\/wp-json\/wp\/v2\/comments?post=729"}],"version-history":[{"count":29,"href":"https:\/\/bluforeshr.com\/en\/wp-json\/wp\/v2\/pages\/729\/revisions"}],"predecessor-version":[{"id":1820,"href":"https:\/\/bluforeshr.com\/en\/wp-json\/wp\/v2\/pages\/729\/revisions\/1820"}],"up":[{"embeddable":true,"href":"https:\/\/bluforeshr.com\/en\/wp-json\/wp\/v2\/pages\/714"}],"wp:attachment":[{"href":"https:\/\/bluforeshr.com\/en\/wp-json\/wp\/v2\/media?parent=729"}],"curies":[{"name":"wp","href":"https:\/\/api.w.org\/{rel}","templated":true}]}}